{"id":2666,"date":"2021-07-21T14:05:44","date_gmt":"2021-07-21T12:05:44","guid":{"rendered":"https:\/\/www.vinoslovenija.si\/?page_id=2666"},"modified":"2022-06-30T09:31:55","modified_gmt":"2022-06-30T07:31:55","slug":"resultate-2021","status":"publish","type":"page","link":"https:\/\/www.vinoslovenija.si\/de\/resultate-2021\/","title":{"rendered":"Resultate 2021"},"content":{"rendered":"<div class=\"standard_wrapper\">\n<div  class=\"two_third withsmallpadding ppb_header \" style=\"text-align:left;padding:30px 0 30px 0;\" >\n<div class=\"page_content_wrapper\">\n<div class=\"inner\">\n<div style=\"width:100%\">\n<h2 class=\"ppb_title\" style=\";text-align:left;\">Vino Slovenija Gornja Radgona 2021<\/h2>\n<\/div>\n<\/div>\n<\/div>\n<\/div>\n<\/div>\n<div class=\"standard_wrapper\">\n<div  class=\"two_third withsmallpadding ppb_text\" style=\"text-align:left;padding:30px 0 30px 0;\" >\n<div class=\"standard_wrapper\">\n<div class=\"page_content_wrapper\">\n<div class=\"inner\">\n<div style=\"margin:auto;width:100%\">\n<hr>\n<\/div>\n<\/div>\n<\/div>\n<\/div>\n<\/div>\n<\/div>\n<div class=\"standard_wrapper\">\n<div  class=\"two_third withsmallpadding ppb_text\" style=\"text-align:left;padding:30px 0 30px 0;\" >\n<div class=\"standard_wrapper\">\n<div class=\"page_content_wrapper\">\n<div class=\"inner\">\n<div style=\"margin:auto;width:100%\">\n<p style=\"text-align: center;\"><a href=\"https:\/\/www.vinoslovenija.si\/wp-content\/uploads\/sites\/15\/2021\/07\/Vinarji.pdf\" target=\"_blank\" rel=\"noopener\">RESULTATE &#8211; WEINBAUER (pdf)<\/a><br \/>\n<a href=\"https:\/\/www.vinoslovenija.si\/wp-content\/uploads\/sites\/15\/2021\/07\/Pregled-vin-po-sortah.pdf\" target=\"_blank\" rel=\"noopener\">RESULTATE &#8211; WEINE (pdf)<\/a><\/p>\n<h4 style=\"text-align: center;\">BIO<\/h4>\n<p style=\"text-align: center;\"><a href=\"https:\/\/www.vinoslovenija.si\/wp-content\/uploads\/sites\/15\/2021\/07\/BIO-po-vinarjih.pdf\" target=\"_blank\" rel=\"noopener\">RESULTATE &#8211; WEINBAUER BIO (pdf)<\/a><br \/>\n<a href=\"https:\/\/www.vinoslovenija.si\/wp-content\/uploads\/sites\/15\/2021\/07\/BIO-po-vinih.pdf\" target=\"_blank\" rel=\"noopener\">RESULTATE &#8211; WEINE\u00a0 BIO (pdf)<\/a><\/p>\n<h4 style=\"text-align: center;\">ITC<\/h4>\n<p style=\"text-align: center;\"><a href=\"https:\/\/www.vinoslovenija.si\/wp-content\/uploads\/sites\/15\/2021\/07\/ITC-po-vinarjih.pdf\" target=\"_blank\" rel=\"noopener\">RESULTATE &#8211; WEINBAUER &#8211; ITC (pdf)<\/a><br \/>\n<a href=\"https:\/\/www.vinoslovenija.si\/wp-content\/uploads\/sites\/15\/2021\/07\/ITC-po-vinih.pdf\" target=\"_blank\" rel=\"noopener\">RESULTATE &#8211; WEINE\u00a0 ITC (pdf)<\/a><\/p>\n<p>\u00a0<\/p>\n<h3 style=\"text-align: center;\">VINAR LETA 2021 \/ WINERY OF THE YEAR 2021<\/h3>\n<p><img loading=\"lazy\" decoding=\"async\" loading=\"lazy\" class=\"aligncenter wp-image-3076 size-thumbnail\" src=\"https:\/\/www.vinoslovenija.si\/wp-content\/uploads\/sites\/15\/2022\/06\/Vinar-leta-150x150.jpg\" alt=\"\" width=\"150\" height=\"150\" \/><\/p>\n<p style=\"text-align: center;\"><strong>Puklavec Family Wines d.o.o., Ormo\u017e<\/strong><\/p>\n<p>\u00a0<\/p>\n<h3 style=\"text-align: center;\">\u0160AMPIONI 2021 \/ CHAMPIONS 2021<\/h3>\n<p style=\"text-align: center;\">PENE\u010cA VINA<br \/>\n<em>SPARKLING WINE<\/em><br \/>\nZlata radgonska penina 2008<br \/>\nRadgonske gorice Gornja Radgona d.o.o., Gornja Radgona<\/p>\n<p style=\"text-align: center;\">BELA MIRNA VINA NEAROMATI\u010cNIH SORT &#8211; SUHA<br \/>\n<em>WHITE STILL WINE NON_AROMATIC SORT &#8211; DRY<\/em><br \/>\nChardonnay 2020<br \/>\nVinska klet Metlika<\/p>\n<p style=\"text-align: center;\">MIRNA VINA AROMATI\u010cNIH SORT &#8211; SUHA<br \/>\n<em>STILL WINE AROMATIC SORT &#8211; DRY<\/em><br \/>\nRumeni mu\u0161kat 2020<br \/>\nVinakoper d.o.o., Koper<\/p>\n<p style=\"text-align: center;\">MIRNA VINA AROMATI\u010cNIH IN NEAROMATI\u010cNIH SORT &#8211; SLADKA<br \/>\n<em>STILL WINE AROMATIC SORT &#8211; MEDIUM SWEET<\/em><br \/>\nTraminec izbor 2002<br \/>\nRadgonske gorice Gornja Radgona d.o.o., Gornja Radgona<\/p>\n<p style=\"text-align: center;\">VINA &#8211; CVI\u010cEK PTP<br \/>\n<em>WINE &#8211; CVI\u010cEK PTP<\/em><br \/>\nCvi\u010dek PTP 2020<br \/>\nHi\u0161a vina Grabnar, Ardro pri Raki<\/p>\n<p style=\"text-align: center;\">RDE\u010cA VINA &#8211; TERAN PTP<br \/>\n<em>RED WINE &#8211; TERAN PTP<\/em><br \/>\nTeran PTP classic 2 2020<br \/>\nVinakras z.o.o. Se\u017eana, Se\u017eana<\/p>\n<p style=\"text-align: center;\">RDE\u010cA VINA &#8211; SUHA DO 3 LETA<br \/>\n<em>RED WINE &#8211; DRY UP TO 3 YEARS<\/em><br \/>\nInstinct white label Merlot 2019<br \/>\nPuklavec Family Wines d.o.o., Ormo\u017e<\/p>\n<p style=\"text-align: center;\">RDE\u010cA VINA &#8211; SUHA NAD 3 LETA<br \/>\n<em>RED WINE &#8211; DRY OLDER THAN 3 YEARS<\/em><br \/>\nFrankovka Goldberg 2012<br \/>\nVina Belje, Belje plus d.o.o., Darda, Hrva\u0161ka<\/p>\n<p>\u00a0<\/p>\n<h3 style=\"text-align: center;\">POSEBNE NAGRADE \/ SPECIAL AWARDS<\/h3>\n<h4 style=\"text-align: center;\">NAGRADA STANKA \u010cURINA<br \/>\n<em>STANKO \u010cURIN AWARD<\/em><\/h4>\n<p style=\"text-align: center;\">7 Numbers Rumeni Mu\u0161kat SJI 2017- 92,33 to\u010dk \/ points<br \/>\nPuklavec Family Wines d.o.o., Ormo\u017e<\/p>\n<h4 style=\"text-align: center;\">PRVAK AVSTRIJE 2021<br \/>\n<em>AUSTRIA COUNTRY WINNER<\/em><\/h4>\n<p style=\"text-align: center;\">Beerenauslese Morillon JI 2017 \u2013 92,00 to\u010dk \/ points<br \/>\nLandesweingut Silberberg, Leibnitz<\/p>\n<h4 style=\"text-align: center;\">PRVAKI VINSKO TURISTI\u010cNIH CEST 2021<br \/>\n<em>WINNERS OF THE TOURIST WINE ROUTES 2021<\/em><\/h4>\n<p style=\"text-align: center;\">BRI\u0160KA VINSKA TURISTI\u010cNA CESTA<br \/>\n<em>GORI\u0160KA BRDA TOURIST WINE ROUTE<\/em><br \/>\nChardonnay Bagueri 2017<br \/>\nVinska klet Gori\u0161ka Brda z.o.o..<\/p>\n<p style=\"text-align: center;\">VIPAVSKA VINSKA TURISTI\u010cNA CESTA<br \/>\n<em>VIPAVA TOURIST WINE ROUTE<\/em><br \/>\nMerlot izbor 2018<br \/>\nPosestvo Ferjan\u010di\u010d, Ajdov\u0161\u010dina<\/p>\n<p style=\"text-align: center;\">RADGONSKO KAPELSKA VINSKA TURISTI\u010cNA CESTA<br \/>\n<em>RADGONA &#8211; KAPELA TOURIST WINE ROUTE<\/em><br \/>\nSteyer Mark cuvee 2017<br \/>\nSteyer vina Plitvica<br \/>\nin\/<br \/>\nand<br \/>\nZlata radgonska penina 2008<br \/>\nRadgonske gorice G.Radgona d.o.o.<\/p>\n<p style=\"text-align: center;\">KRA\u0161KA VINSKA TURISTI\u010cNA CESTA<br \/>\n<em>KARST TOURIST WINE ROUTE<\/em><br \/>\nRde\u010da zvrst Sara 2013<br \/>\nVinska klet Boris in Alen Lisjak, Dutovlje<\/p>\n<p style=\"text-align: center;\">ISTRSKA VINSKA TURISTI\u010cNA CESTA<br \/>\n<em>ISTRIA TOURIST WINE ROUTE<\/em><br \/>\nMalvazija 2020<br \/>\nVinales, \u0160marje<\/p>\n<p style=\"text-align: center;\">BIZELJSKO &#8211; SREMI\u0160KA VINSKA TURISTI\u010cNA CESTA<br \/>\n<em>BIZELJSKO &#8211; SREMI\u0160KA TOURIST WINE ROUTE<\/em><br \/>\nNo. 1<br \/>\nIsteni\u010d d.o.o., Bizeljsko<\/p>\n<\/div>\n<\/div>\n<\/div>\n<\/div>\n<\/div>\n<\/div>\n","protected":false},"excerpt":{"rendered":"<p>Vino Slovenija Gornja Radgona 2021 RESULTATE &#8211; WEINBAUER (pdf) RESULTATE &#8211; WEINE (pdf) BIO RESULTATE &#8211; WEINBAUER BIO (pdf) RESULTATE &#8211; WEINE\u00a0 BIO (pdf) ITC RESULTATE &#8211; WEINBAUER &#8211; ITC (pdf) RESULTATE &#8211; WEINE\u00a0 ITC (pdf) \u00a0 VINAR LETA 2021 [&hellip;]<\/p>\n","protected":false},"author":5,"featured_media":179,"parent":0,"menu_order":0,"comment_status":"closed","ping_status":"closed","template":"","meta":{"footnotes":"","_links_to":"","_links_to_target":""},"class_list":["post-2666","page","type-page","status-publish","has-post-thumbnail","hentry"],"_links":{"self":[{"href":"https:\/\/www.vinoslovenija.si\/de\/wp-json\/wp\/v2\/pages\/2666","targetHints":{"allow":["GET"]}}],"collection":[{"href":"https:\/\/www.vinoslovenija.si\/de\/wp-json\/wp\/v2\/pages"}],"about":[{"href":"https:\/\/www.vinoslovenija.si\/de\/wp-json\/wp\/v2\/types\/page"}],"author":[{"embeddable":true,"href":"https:\/\/www.vinoslovenija.si\/de\/wp-json\/wp\/v2\/users\/5"}],"replies":[{"embeddable":true,"href":"https:\/\/www.vinoslovenija.si\/de\/wp-json\/wp\/v2\/comments?post=2666"}],"version-history":[{"count":5,"href":"https:\/\/www.vinoslovenija.si\/de\/wp-json\/wp\/v2\/pages\/2666\/revisions"}],"predecessor-version":[{"id":3089,"href":"https:\/\/www.vinoslovenija.si\/de\/wp-json\/wp\/v2\/pages\/2666\/revisions\/3089"}],"wp:featuredmedia":[{"embeddable":true,"href":"https:\/\/www.vinoslovenija.si\/de\/wp-json\/wp\/v2\/media\/179"}],"wp:attachment":[{"href":"https:\/\/www.vinoslovenija.si\/de\/wp-json\/wp\/v2\/media?parent=2666"}],"curies":[{"name":"wp","href":"https:\/\/api.w.org\/{rel}","templated":true}]}}