{"id":3107,"date":"2022-07-21T11:31:34","date_gmt":"2022-07-21T09:31:34","guid":{"rendered":"https:\/\/www.vinoslovenija.si\/?page_id=3107"},"modified":"2022-07-21T11:35:08","modified_gmt":"2022-07-21T09:35:08","slug":"resultate-2022","status":"publish","type":"page","link":"https:\/\/www.vinoslovenija.si\/de\/resultate-2022\/","title":{"rendered":"Resultate 2022"},"content":{"rendered":"<div class=\"standard_wrapper\">\n<div  class=\"two_third withsmallpadding ppb_header \" style=\"text-align:left;padding:30px 0 30px 0;\" >\n<div class=\"page_content_wrapper\">\n<div class=\"inner\">\n<div style=\"width:100%\">\n<h2 class=\"ppb_title\" style=\";text-align:left;\">Vino Slovenija Gornja Radgona 2022<\/h2>\n<\/div>\n<\/div>\n<\/div>\n<\/div>\n<\/div>\n<div class=\"standard_wrapper\">\n<div  class=\"two_third withsmallpadding ppb_text\" style=\"text-align:left;padding:30px 0 30px 0;\" >\n<div class=\"standard_wrapper\">\n<div class=\"page_content_wrapper\">\n<div class=\"inner\">\n<div style=\"margin:auto;width:100%\">\n<hr>\n<\/div>\n<\/div>\n<\/div>\n<\/div>\n<\/div>\n<\/div>\n<div class=\"standard_wrapper\">\n<div  class=\"two_third withsmallpadding ppb_text\" style=\"text-align:left;padding:30px 0 30px 0;\" >\n<div class=\"standard_wrapper\">\n<div class=\"page_content_wrapper\">\n<div class=\"inner\">\n<div style=\"margin:auto;width:100%\">\n<p style=\"text-align: center;\"><a href=\"https:\/\/www.vinoslovenija.si\/wp-content\/uploads\/sites\/15\/2022\/07\/Nagrajeni-vinarji-Vino-Slovenija-2022.pdf\" target=\"_blank\" rel=\"noopener\">RESULTATE &#8211; WEINBAUER (pdf)<\/a><br \/>\n<a href=\"https:\/\/www.vinoslovenija.si\/wp-content\/uploads\/sites\/15\/2022\/07\/Nagrajena-vina-Vino-Slovenija-2022.pdf\" target=\"_blank\" rel=\"noopener\">RESULTATE &#8211; WEINE (pdf)<\/a><\/p>\n<h4 style=\"text-align: center;\">BIO<\/h4>\n<p style=\"text-align: center;\"><a href=\"https:\/\/www.vinoslovenija.si\/wp-content\/uploads\/sites\/15\/2022\/07\/Nagrajeni-vinarji-BIO-2022.pdf\" target=\"_blank\" rel=\"noopener\">RESULTATE &#8211; WEINBAUER BIO (pdf)<\/a><br \/>\n<a href=\"https:\/\/www.vinoslovenija.si\/wp-content\/uploads\/sites\/15\/2022\/07\/Nagrajena-vina-BIO-2022.pdf\" target=\"_blank\" rel=\"noopener\">RESULTATE &#8211; WEINE\u00a0 BIO (pdf)<\/a><\/p>\n<hr \/>\n<h3 style=\"text-align: center;\">\u0160AMPIONI 2022 \/ CHAMPIONS 2022<\/h3>\n<p>\u00a0<\/p>\n<p style=\"text-align: center;\">PENE\u010cA VINA<br \/>\n<em>SPARKLING WINE<\/em><br \/>\nZlata radgonska penina Selection 1,5L 2016<br \/>\nRadgonske gorice Gornja Radgona d.o.o.,<br \/>\nGornja Radgona<\/p>\n<p style=\"text-align: center;\">BELA MIRNA VINA NEAROMATI\u010cNIH SORT &#8211; SUHA<br \/>\n<em>WHITE STILL WINE NON_AROMATIC SORT &#8211; DRY<\/em><br \/>\nSivi pinot 2017<br \/>\nVinogradni\u0161tvo-kletarstvo Gregor \u0160temberger, \u0160entjernej<\/p>\n<p style=\"text-align: center;\">MIRNA VINA AROMATI\u010cNIH SORT &#8211; SUHA<br \/>\n<em>STILL WINE AROMATIC SORT &#8211; DRY<\/em><br \/>\nSauvignon blanc trocken 2021<br \/>\nWeingut Werner Anselmann, Nem\u010dija<\/p>\n<p style=\"text-align: center;\">BELA MIRNA VINA AROMATI\u010cNIH IN NEAROMATI\u010cNIH SORT &#8211; SLADKA<br \/>\n<em>STILL WINE AROMATIC SORT &#8211; MEDIUM SWEET<\/em><br \/>\nRumeni mu\u0161kat ledeno vino 2016<br \/>\nVinska klet Prus, Jo\u017eef Prus, Metlika<\/p>\n<p style=\"text-align: center;\">BELA MIRNA VINA AROMATI\u010cNIH IN NEAROMATI\u010cNIH SORT \u2013 POLSUHA<br \/>\n<em>STILL WINE AROMATIC SORT \u2013 SEMI DRY<\/em><br \/>\nJO zlata traminec 2021<br \/>\nPuklavec Family Wines d.o.o., Ormo\u017e<\/p>\n<p style=\"text-align: center;\">MIRNA VINA AROMATI\u010cNIH SORT &#8211; POLSLADKA<br \/>\n<em>STILL WINE AROMATIC SORT \u2013 SEMI SWEET<\/em><br \/>\nRumeni mu\u0161kat 2018<br \/>\nVinales, \u0160marje<\/p>\n<p style=\"text-align: center;\">RDE\u010cA VINA &#8211; TERAN PTP<br \/>\n<em>RED WINE &#8211; TERAN PTP<\/em><br \/>\nTeran PTP Prestige 2 2018<br \/>\nVinakras z.o.o. Se\u017eana<\/p>\n<p style=\"text-align: center;\">RDE\u010cA VINA &#8211; SUHA DO 3 LETA<br \/>\n<em>RED WINE &#8211; DRY UP TO 3 YEARS<\/em><br \/>\nMerlot selekcija 2020<br \/>\nVinska klet Gori\u0161ka brda<\/p>\n<p style=\"text-align: center;\">RDE\u010cA VINA &#8211; SUHA NAD 3 LETA<br \/>\n<em>RED WINE &#8211; DRY OLDER THAN 3 YEARS<\/em><br \/>\nCabernet Sauvignon Bagueri 2018<br \/>\nVinska klet Gori\u0161ka brda<\/p>\n<p style=\"text-align: center;\">BIO VINA<br \/>\n<em>BIO WINE<\/em><br \/>\nSauvignon Blanc 2021<br \/>\nBio Weinhof Reinhard Avstrija<\/p>\n<hr \/>\n<h3 style=\"text-align: center;\">POSEBNE NAGRADE \/ SPECIAL AWARDS<\/h3>\n<p>\u00a0<\/p>\n<h4 style=\"text-align: center;\">NAGRADA STANKA \u010cURINA<br \/>\n<em>STANKO \u010cURIN AWARD<\/em><\/h4>\n<p style=\"text-align: center;\">Sauvignon suhi jagodni izbor 2001 &#8211; 92,67 to\u010dk \/ points<br \/>\nVinska klet Prus, Jo\u017eef Prus, Metlika<\/p>\n<h4 style=\"text-align: center;\">PRVAK AVSTRIJE 2022<br \/>\nAUSTRIA COUNTRY WINNER<\/h4>\n<p style=\"text-align: center;\">Riesling 2017 \u2013 90,00 to\u010dk \/ points<br \/>\nHelmut und Katharina Gangl, Illmitz<\/p>\n<h4 style=\"text-align: center;\">PRVAK HRVA\u0160KE 2022<br \/>\nCROATIA COUNTRY WINNER<\/h4>\n<p style=\"text-align: center;\">Pu\u0161ipel xtreme 2019 &#8211; 87,33 to\u010dk \/ points<br \/>\nVinogradarstvo-podrumarstvo Cmre\u010dnjak, Sveti Urban \u0160trigova<\/p>\n<hr \/>\n<h3 style=\"text-align: center;\">PRVAKI VINSKO TURISTI\u010cNIH CEST 2022<br \/>\nWINNERS OF THE TOURIST WINE ROUTES 2022<\/h3>\n<p>\u00a0<\/p>\n<h4 style=\"text-align: center;\">BRI\u0160KA VINSKA TURISTI\u010cNA CESTA<br \/>\nGORI\u0160KA BRDA TOURIST WINE ROUTE<\/h4>\n<p style=\"text-align: center;\">Rebula Bagueri 2019<br \/>\nVinska klet Gori\u0161ka Brda z.o.o..<\/p>\n<h4 style=\"text-align: center;\">VIPAVSKA VINSKA TURISTI\u010cNA CESTA<br \/>\nVIPAVA TOURIST WINE ROUTE<\/h4>\n<p style=\"text-align: center;\">Chardonnay 2020<br \/>\nVina Ben\u010dina, Lo\u017ee, Vipavska dolina<\/p>\n<h4 style=\"text-align: center;\">RADGONSKO KAPELSKA VINSKA TURISTI\u010cNA CESTA<br \/>\nRADGONA &#8211; KAPELA TOURIST WINE ROUTE<\/h4>\n<p style=\"text-align: center;\">Di\u0161e\u010di traminec 2021<br \/>\nSteyer vina Plitvica<\/p>\n<h4 style=\"text-align: center;\">KRA\u0160KA VINSKA TURISTI\u010cNA CESTA<br \/>\nKARST TOURIST WINE ROUTE<\/h4>\n<p style=\"text-align: center;\">Vitovska grganja La Marie 2018<br \/>\nVinakras z.o.o. Se\u017eana<\/p>\n<h4 style=\"text-align: center;\">ISTRSKA VINSKA TURISTI\u010cNA CESTA<br \/>\nISTRIA TOURIST WINE ROUTE<\/h4>\n<p style=\"text-align: center;\">Capo d&#8217;Istria cabernet sauvignon 2016<br \/>\nVinakoper d.o.o., Koper<\/p>\n<h4 style=\"text-align: center;\">BELOKRANJSKA VINSKA TURISTI\u010cNA CESTA<br \/>\nBELOKRANJSKA TOURIST WINE ROUTE<\/h4>\n<p style=\"text-align: center;\">Svetovno vino 2017<br \/>\nVinska klet Prus, Jo\u017eef Prus, Metlika<\/p>\n<h4 style=\"text-align: center;\">\u0160MARSKO VIR\u0160TANJSKA VINSKA TURISTI\u010cNA CESTA<br \/>\n\u0160MARSKO VIR\u0160TANJSKA TOURIST WINE ROUTE<\/h4>\n<p style=\"text-align: center;\">Chardonnay Eminent 2020<br \/>\nHi\u0161a vin Emino, Pod\u010detrtek<\/p>\n<hr \/>\n<h3 style=\"text-align: center;\">VINAR LETA 2021 \/ WINERY OF THE YEAR 2021<\/h3>\n<p><img loading=\"lazy\" decoding=\"async\" loading=\"lazy\" class=\"aligncenter wp-image-3076 size-thumbnail\" src=\"https:\/\/www.vinoslovenija.si\/wp-content\/uploads\/sites\/15\/2022\/06\/Vinar-leta-150x150.jpg\" alt=\"\" width=\"150\" height=\"150\" \/><\/p>\n<p style=\"text-align: center;\"><strong>Puklavec Family Wines d.o.o., Ormo\u017e<\/strong><\/p>\n<p style=\"text-align: center;\">\n<\/div>\n<\/div>\n<\/div>\n<\/div>\n<\/div>\n<\/div>\n","protected":false},"excerpt":{"rendered":"<p>Vino Slovenija Gornja Radgona 2022 RESULTATE &#8211; WEINBAUER (pdf) RESULTATE &#8211; WEINE (pdf) BIO RESULTATE &#8211; WEINBAUER BIO (pdf) RESULTATE &#8211; WEINE\u00a0 BIO (pdf) \u0160AMPIONI 2022 \/ CHAMPIONS 2022 \u00a0 PENE\u010cA VINA SPARKLING WINE Zlata radgonska penina Selection 1,5L 2016 [&hellip;]<\/p>\n","protected":false},"author":5,"featured_media":179,"parent":0,"menu_order":0,"comment_status":"closed","ping_status":"closed","template":"","meta":{"footnotes":"","_links_to":"","_links_to_target":""},"class_list":["post-3107","page","type-page","status-publish","has-post-thumbnail","hentry"],"_links":{"self":[{"href":"https:\/\/www.vinoslovenija.si\/de\/wp-json\/wp\/v2\/pages\/3107","targetHints":{"allow":["GET"]}}],"collection":[{"href":"https:\/\/www.vinoslovenija.si\/de\/wp-json\/wp\/v2\/pages"}],"about":[{"href":"https:\/\/www.vinoslovenija.si\/de\/wp-json\/wp\/v2\/types\/page"}],"author":[{"embeddable":true,"href":"https:\/\/www.vinoslovenija.si\/de\/wp-json\/wp\/v2\/users\/5"}],"replies":[{"embeddable":true,"href":"https:\/\/www.vinoslovenija.si\/de\/wp-json\/wp\/v2\/comments?post=3107"}],"version-history":[{"count":5,"href":"https:\/\/www.vinoslovenija.si\/de\/wp-json\/wp\/v2\/pages\/3107\/revisions"}],"predecessor-version":[{"id":3140,"href":"https:\/\/www.vinoslovenija.si\/de\/wp-json\/wp\/v2\/pages\/3107\/revisions\/3140"}],"wp:featuredmedia":[{"embeddable":true,"href":"https:\/\/www.vinoslovenija.si\/de\/wp-json\/wp\/v2\/media\/179"}],"wp:attachment":[{"href":"https:\/\/www.vinoslovenija.si\/de\/wp-json\/wp\/v2\/media?parent=3107"}],"curies":[{"name":"wp","href":"https:\/\/api.w.org\/{rel}","templated":true}]}}