{"id":4078,"date":"2025-07-24T09:01:47","date_gmt":"2025-07-24T07:01:47","guid":{"rendered":"https:\/\/www.vinoslovenija.si\/?page_id=4078"},"modified":"2025-07-24T09:20:19","modified_gmt":"2025-07-24T07:20:19","slug":"resultate-2025","status":"publish","type":"page","link":"https:\/\/www.vinoslovenija.si\/de\/resultate-2025\/","title":{"rendered":"Resultate 2025"},"content":{"rendered":"<div class=\"standard_wrapper\">\n<div  class=\"two_third withsmallpadding ppb_header \" style=\"text-align:left;padding:40px 0 40px 0;margin-top:-30px;background-color:#ffffff;color:#aca263;\" >\n<div class=\"page_content_wrapper\">\n<div class=\"inner\">\n<div style=\"margin:auto;width:80%\">\n<h2 class=\"ppb_title\" style=\";text-align:left;\">Vino Slovenija Gornja Radgona 2025<\/h2>\n<\/div>\n<\/div>\n<\/div>\n<\/div>\n<\/div>\n<div class=\"standard_wrapper\">\n<div  class=\"two_third withsmallpadding ppb_text\" style=\"text-align:left;padding:0px 0 0px 0;\" >\n<div class=\"standard_wrapper\">\n<div class=\"page_content_wrapper\">\n<div class=\"inner\">\n<div style=\"margin:auto;width:85%\">\n<hr>\n<\/div>\n<\/div>\n<\/div>\n<\/div>\n<\/div>\n<\/div>\n<div class=\"standard_wrapper\">\n<div  class=\"two_third withsmallpadding ppb_text\" style=\"text-align:left;padding:40px 0 40px 0;\" >\n<div class=\"standard_wrapper\">\n<div class=\"page_content_wrapper\">\n<div class=\"inner\">\n<div style=\"margin:auto;width:80%\">\n<h4 style=\"text-align: center;\">Resultate<\/h4>\n<p style=\"text-align: center;\"><a href=\"https:\/\/www.vinoslovenija.si\/wp-content\/uploads\/sites\/15\/2025\/07\/Nagrajeni-vinarji.pdf\" target=\"_blank\" rel=\"noopener\">RESULTATE &#8211; WEINBAUER (pdf)<\/a><br \/>\n<a href=\"https:\/\/www.vinoslovenija.si\/wp-content\/uploads\/sites\/15\/2025\/07\/Nagrajena-vina.pdf\" target=\"_blank\" rel=\"noopener\">RESULTATE &#8211; WEINE (pdf)<\/a><\/p>\n<h4 style=\"text-align: center;\">BIO<\/h4>\n<p style=\"text-align: center;\"><a href=\"https:\/\/www.vinoslovenija.si\/wp-content\/uploads\/sites\/15\/2025\/07\/Nagrajeni-BIO-vinarji.pdf\" target=\"_blank\" rel=\"noopener\">RESULTATE &#8211; WEINBAUER BIO (pdf)<\/a><br \/>\n<a href=\"https:\/\/www.vinoslovenija.si\/wp-content\/uploads\/sites\/15\/2025\/07\/Nagrajena-BIO-vina.pdf\" target=\"_blank\" rel=\"noopener\">RESULTATE &#8211; WEINE\u00a0 BIO (pdf)<\/a><\/p>\n<hr \/>\n<h4 style=\"text-align: center;\">\u0160AMPIONI 2025 \/ CHAMPIONS 2025<\/h4>\n<p style=\"text-align: center;\">PENE\u010cA VINA (klasi\u010dna metoda)<br \/>\n<em>SPARKLING WINES (Traditional Method)<\/em><br \/>\n<strong>Vinska klet Gori\u0161ka Brda z.o.o. &#8211; Klasi\u010dna penina Virgo Brut<\/strong><\/p>\n<p style=\"text-align: center;\">PENE\u010cA VINA (Charmat metoda)<br \/>\n<em>SPARKLING WINES (Charmat Method)<\/em><br \/>\n<strong>Vina Belje, Belje plus d.o.o. &#8211; LA BELLE GRAND<\/strong><\/p>\n<p style=\"text-align: center;\">CVI\u010cEK PTP<br \/>\n<strong>Kme\u010dka zadruga Kr\u0161ko, z.o.o. &#8211; Cvi\u010dek PTP premium 3<\/strong><\/p>\n<p style=\"text-align: center;\">BELA MIRNA VINA SUHA MLAJ\u0160A OD TREH LET<br \/>\n<em>WHITE STILL DRY WINES YOUNGER THAN THREE YEARS<\/em><br \/>\n<strong>Vina Erneic &#8211; BELI PINOT<\/strong><\/p>\n<p style=\"text-align: center;\">BELA MIRNA VINA SUHA STAREJ\u0160A OD TREH LET<br \/>\n<em>WHITE STILL DRY WINES OLDER THAN THREE YEARS<\/em><br \/>\n<strong>Puklavec Family Wines d.o.o. &#8211; White Cuv\u00e9e 34<\/strong><\/p>\n<p style=\"text-align: center;\">MIRNA VINA AROMATI\u010cNIH SORT SUHA<br \/>\n<em>STILL WINES FROM AROMATIC VARIETIES \u2013 DRY<\/em><br \/>\n<strong>Pewal Weine Handels GmbH &#8211; Muskateller<\/strong><\/p>\n<p style=\"text-align: center;\">MIRNA VINA AROMATI\u010cNIH SORT POLSLADKA<br \/>\n<em>STILL WINES FROM AROMATIC VARIETIES \u2013 SEMI-SWEET<\/em><br \/>\n<strong>PRA VinO dru\u017einsko posestvo \u010curin \u2013 Prapotnik &#8211; Traminec<\/strong><\/p>\n<p style=\"text-align: center;\">RDE\u010cA SUHA VINA MLAJ\u0160A OD TREH LET<br \/>\n<em>RED DRY WINES YOUNGER THAN THREE YEARS<\/em><br \/>\n<strong>Vinakoper d.o.o. &#8211; Koper Merlot<\/strong><\/p>\n<p style=\"text-align: center;\">RDE\u010cA SUHA VINA STAREJ\u0160A OD TREH LET<br \/>\n<em>RED DRY WINES OLDER THAN THREE YEARS<\/em><br \/>\n<strong>Posestvo Ferjan\u010di\u010d &#8211; Fino red<\/strong><\/p>\n<p style=\"text-align: center;\">RDE\u010cA VINA TERAN PTP<br \/>\n<em>RED WINES \u2013 TERAN PTP<\/em><br \/>\n<strong>Vinakras z.o.o. Se\u017eana &#8211; Izbrani teran PTP &#8211; ELITE 1<\/strong><\/p>\n<p style=\"text-align: center;\">NARAVNA SLADKA DESERTNA VINA<br \/>\n<em>NATURAL SWEET DESSERT WINES<\/em><br \/>\n<strong>Vina Ben\u010dina &#8211; Zlati medun<\/strong><\/p>\n<h4 style=\"text-align: center;\">POSEBNE NAGRADE \/ SPECIAL AWARDS<\/h4>\n<p style=\"text-align: center;\">NAGRADA STANKA \u010cURINA<br \/>\nSTANKO \u010cURIN AWARD<\/p>\n<p style=\"text-align: center;\"><strong>CHARDONNAY 2021<br \/>\n<\/strong>Danilo Mavri\u010d<\/p>\n<h4 style=\"text-align: center;\">PRVAKI VINSKO TURISTI\u010cNIH CEST 2025<br \/>\nWINNERS OF THE TOURIST WINE ROUTES 2025<\/h4>\n<p style=\"text-align: center;\">KRA\u0160KA VINSKA TURISTI\u010cNA CESTA<br \/>\nKARST TOURIST WINE ROUTE<br \/>\n<strong>Malvazija PRESTIGE<\/strong><br \/>\n<strong>Vinakras z.o.o.\u00a0 Se\u017eana<\/strong><\/p>\n<p style=\"text-align: center;\">ISTRSKA VINSKA TURISTI\u010cNA CESTA<br \/>\nISTRIAN TOURIST WINE ROUTE<\/p>\n<p style=\"text-align: center;\"><strong>Capo d&#8217;Istria Shiraz <\/strong><br \/>\n<strong>Vinakoper d.o.o<\/strong><\/p>\n<p style=\"text-align: center;\">RADGONSKO KAPELSKA VINSKA TURISTI\u010cNA CESTA<br \/>\nRADGONA-KAPELA TOURIST WINE ROUTE<\/p>\n<p style=\"text-align: center;\"><strong>Steyer Mark cuvee <\/strong><br \/>\n<strong>Steyer vina<\/strong><\/p>\n<\/div>\n<\/div>\n<\/div>\n<\/div>\n<\/div>\n<\/div>\n","protected":false},"excerpt":{"rendered":"<p>Vino Slovenija Gornja Radgona 2025 Resultate RESULTATE &#8211; WEINBAUER (pdf) RESULTATE &#8211; WEINE (pdf) BIO RESULTATE &#8211; WEINBAUER BIO (pdf) RESULTATE &#8211; WEINE\u00a0 BIO (pdf) \u0160AMPIONI 2025 \/ CHAMPIONS 2025 PENE\u010cA VINA (klasi\u010dna metoda) SPARKLING WINES (Traditional Method) Vinska klet [&hellip;]<\/p>\n","protected":false},"author":5,"featured_media":179,"parent":0,"menu_order":0,"comment_status":"closed","ping_status":"closed","template":"","meta":{"footnotes":"","_links_to":"","_links_to_target":""},"class_list":["post-4078","page","type-page","status-publish","has-post-thumbnail","hentry"],"_links":{"self":[{"href":"https:\/\/www.vinoslovenija.si\/de\/wp-json\/wp\/v2\/pages\/4078","targetHints":{"allow":["GET"]}}],"collection":[{"href":"https:\/\/www.vinoslovenija.si\/de\/wp-json\/wp\/v2\/pages"}],"about":[{"href":"https:\/\/www.vinoslovenija.si\/de\/wp-json\/wp\/v2\/types\/page"}],"author":[{"embeddable":true,"href":"https:\/\/www.vinoslovenija.si\/de\/wp-json\/wp\/v2\/users\/5"}],"replies":[{"embeddable":true,"href":"https:\/\/www.vinoslovenija.si\/de\/wp-json\/wp\/v2\/comments?post=4078"}],"version-history":[{"count":1,"href":"https:\/\/www.vinoslovenija.si\/de\/wp-json\/wp\/v2\/pages\/4078\/revisions"}],"predecessor-version":[{"id":4079,"href":"https:\/\/www.vinoslovenija.si\/de\/wp-json\/wp\/v2\/pages\/4078\/revisions\/4079"}],"wp:featuredmedia":[{"embeddable":true,"href":"https:\/\/www.vinoslovenija.si\/de\/wp-json\/wp\/v2\/media\/179"}],"wp:attachment":[{"href":"https:\/\/www.vinoslovenija.si\/de\/wp-json\/wp\/v2\/media?parent=4078"}],"curies":[{"name":"wp","href":"https:\/\/api.w.org\/{rel}","templated":true}]}}